{"id":28694,"date":"2021-04-12T12:11:49","date_gmt":"2021-04-12T10:11:49","guid":{"rendered":"https:\/\/neofilologia.uwr.edu.pl\/strona-glowna2-2\/"},"modified":"2025-07-07T14:03:53","modified_gmt":"2025-07-07T12:03:53","slug":"strona-glowna2-2","status":"publish","type":"page","link":"https:\/\/neofilologia.uwr.edu.pl\/en\/","title":{"rendered":"Main Page"},"content":{"rendered":"\n<div class=\"bs_add_mobile_custom_menu\"><\/div>\n\n\n\n<div class=\"wp-block-columns bs-section-baner bs_add_contained_custom_menu is-layout-flex wp-block-columns-is-layout-flex\">\n<div class=\"wp-block-column bs-baner-first-column is-layout-flow wp-block-column-is-layout-flow\" style=\"flex-basis:60%\"><div class=\"n2-section-smartslider fitvidsignore  n2_clear\" data-ssid=\"7\"><div id=\"n2-ss-7-align\" class=\"n2-ss-align\"><div class=\"n2-padding\"><div id=\"n2-ss-7\" data-creator=\"Smart Slider 3\" data-responsive=\"auto\" class=\"n2-ss-slider n2-ow n2-has-hover n2notransition  \"><div class=\"n2-ss-slider-wrapper-inside\">\n        <div class=\"n2-ss-slider-1 n2_ss__touch_element n2-ow\">\n            <div class=\"n2-ss-slider-2 n2-ow\">\n                                                <div class=\"n2-ss-slider-3 n2-ow\">\n\n                    <div class=\"n2-ss-slide-backgrounds n2-ow-all\"><div class=\"n2-ss-slide-background\" data-public-id=\"1\" data-mode=\"fill\"><div class=\"n2-ss-slide-background-image\" data-blur=\"0\" data-opacity=\"100\" data-x=\"50\" data-y=\"41\" data-alt=\"\" data-title=\"\" style=\"--ss-o-pos-y:41%\"><picture class=\"skip-lazy\" data-skip-lazy=\"1\"><img decoding=\"async\" src=\"https:\/\/neofilologia.uwr.edu.pl\/wp-content\/uploads\/sites\/546\/2026\/04\/IMG-20260422-WA0005-scaled.jpg\" alt=\"\" title=\"\" loading=\"lazy\" class=\"skip-lazy\" data-skip-lazy=\"1\"><\/picture><\/div><div data-color=\"RGBA(255,255,255,0)\" style=\"background-color: RGBA(255,255,255,0);\" class=\"n2-ss-slide-background-color\"><\/div><\/div><div class=\"n2-ss-slide-background\" data-public-id=\"2\" data-mode=\"fill\" aria-hidden=\"true\"><div class=\"n2-ss-slide-background-image\" data-blur=\"0\" data-opacity=\"100\" data-x=\"85\" data-y=\"79\" data-alt=\"\" data-title=\"\" style=\"--ss-o-pos-x:85%;--ss-o-pos-y:79%\"><picture class=\"skip-lazy\" data-skip-lazy=\"1\"><img decoding=\"async\" src=\"https:\/\/neofilologia.uwr.edu.pl\/wp-content\/uploads\/sites\/546\/2026\/04\/Wiosna-2026-na-Piasku-scaled.jpg\" alt=\"\" title=\"\" loading=\"lazy\" class=\"skip-lazy\" data-skip-lazy=\"1\"><\/picture><\/div><div data-color=\"RGBA(255,255,255,0)\" style=\"background-color: RGBA(255,255,255,0);\" class=\"n2-ss-slide-background-color\"><\/div><\/div><div class=\"n2-ss-slide-background\" data-public-id=\"3\" data-mode=\"fill\" aria-hidden=\"true\"><div class=\"n2-ss-slide-background-image\" data-blur=\"0\" data-opacity=\"100\" data-x=\"7\" data-y=\"26\" data-alt=\"\" data-title=\"\" style=\"--ss-o-pos-x:7%;--ss-o-pos-y:26%\"><picture class=\"skip-lazy\" data-skip-lazy=\"1\"><img decoding=\"async\" src=\"https:\/\/neofilologia.uwr.edu.pl\/wp-content\/uploads\/sites\/546\/2025\/08\/IMG-20250820-WA0004-1-scaled.jpg\" alt=\"\" title=\"\" loading=\"lazy\" class=\"skip-lazy\" data-skip-lazy=\"1\"><\/picture><\/div><div data-color=\"RGBA(255,255,255,0)\" style=\"background-color: RGBA(255,255,255,0);\" class=\"n2-ss-slide-background-color\"><\/div><\/div><div class=\"n2-ss-slide-background\" data-public-id=\"4\" data-mode=\"fill\" aria-hidden=\"true\"><div class=\"n2-ss-slide-background-image\" data-blur=\"0\" data-opacity=\"100\" data-x=\"51\" data-y=\"0\" data-alt=\"\" data-title=\"\" style=\"--ss-o-pos-x:51%;--ss-o-pos-y:0%\"><picture class=\"skip-lazy\" data-skip-lazy=\"1\"><img decoding=\"async\" src=\"https:\/\/neofilologia.uwr.edu.pl\/wp-content\/uploads\/sites\/546\/2026\/04\/IMG-20260422-WA0007-scaled-1.png\" alt=\"\" title=\"\" loading=\"lazy\" class=\"skip-lazy\" data-skip-lazy=\"1\"><\/picture><\/div><div data-color=\"RGBA(255,255,255,0)\" style=\"background-color: RGBA(255,255,255,0);\" class=\"n2-ss-slide-background-color\"><\/div><\/div><div class=\"n2-ss-slide-background\" data-public-id=\"5\" data-mode=\"fill\" aria-hidden=\"true\"><div class=\"n2-ss-slide-background-image\" data-blur=\"0\" data-opacity=\"100\" data-x=\"60\" data-y=\"0\" data-alt=\"\" data-title=\"\" style=\"--ss-o-pos-x:60%;--ss-o-pos-y:0%\"><picture class=\"skip-lazy\" data-skip-lazy=\"1\"><img decoding=\"async\" src=\"https:\/\/neofilologia.uwr.edu.pl\/wp-content\/uploads\/sites\/546\/2024\/06\/2019_anglistyka_6_Magdalena_Marcula-scaled.jpg\" alt=\"\" title=\"\" loading=\"lazy\" class=\"skip-lazy\" data-skip-lazy=\"1\"><\/picture><\/div><div data-color=\"RGBA(255,255,255,0)\" style=\"background-color: RGBA(255,255,255,0);\" class=\"n2-ss-slide-background-color\"><\/div><\/div><div class=\"n2-ss-slide-background\" data-public-id=\"6\" data-mode=\"fill\" aria-hidden=\"true\"><div class=\"n2-ss-slide-background-image\" data-blur=\"0\" data-opacity=\"100\" data-x=\"51\" data-y=\"100\" data-alt=\"\" data-title=\"\" style=\"--ss-o-pos-x:51%;--ss-o-pos-y:100%\"><picture class=\"skip-lazy\" data-skip-lazy=\"1\"><img decoding=\"async\" src=\"https:\/\/neofilologia.uwr.edu.pl\/wp-content\/uploads\/sites\/546\/2024\/10\/IFR.jpg\" alt=\"\" title=\"\" loading=\"lazy\" class=\"skip-lazy\" data-skip-lazy=\"1\"><\/picture><\/div><div data-color=\"RGBA(255,255,255,0)\" style=\"background-color: RGBA(255,255,255,0);\" class=\"n2-ss-slide-background-color\"><\/div><\/div><div class=\"n2-ss-slide-background\" data-public-id=\"7\" data-mode=\"fill\" aria-hidden=\"true\"><div class=\"n2-ss-slide-background-image\" data-blur=\"0\" data-opacity=\"100\" data-x=\"32\" data-y=\"75\" data-alt=\"\" data-title=\"\" style=\"--ss-o-pos-x:32%;--ss-o-pos-y:75%\"><picture class=\"skip-lazy\" data-skip-lazy=\"1\"><img decoding=\"async\" src=\"https:\/\/neofilologia.uwr.edu.pl\/wp-content\/uploads\/sites\/546\/2026\/04\/IFS-scaled.jpg\" alt=\"\" title=\"\" loading=\"lazy\" class=\"skip-lazy\" data-skip-lazy=\"1\"><\/picture><\/div><div data-color=\"RGBA(255,255,255,0)\" style=\"background-color: RGBA(255,255,255,0);\" class=\"n2-ss-slide-background-color\"><\/div><\/div><\/div>                    <div class=\"n2-ss-slider-4 n2-ow\">\n                        <svg xmlns=\"http:\/\/www.w3.org\/2000\/svg\" viewBox=\"0 0 1000 800\" data-related-device=\"desktopPortrait\" class=\"n2-ow n2-ss-preserve-size n2-ss-preserve-size--slider n2-ss-slide-limiter\"><\/svg><div data-first=\"1\" data-slide-duration=\"0\" data-id=\"69\" data-slide-public-id=\"1\" data-title=\"IMG-20251030-WA0000\" class=\"n2-ss-slide n2-ow  n2-ss-slide-69\"><div role=\"note\" class=\"n2-ss-slide--focus\" tabindex=\"-1\">IMG-20251030-WA0000<\/div><div class=\"n2-ss-layers-container n2-ss-slide-limiter n2-ow\"><div class=\"n2-ss-layer n2-ow n-uc-wxIC1oBuei74\" data-sstype=\"slide\" data-pm=\"default\"><\/div><\/div><\/div><div data-slide-duration=\"0\" data-id=\"70\" data-slide-public-id=\"2\" aria-hidden=\"true\" data-title=\"IMG-20260113-WA0001\" class=\"n2-ss-slide n2-ow  n2-ss-slide-70\"><div role=\"note\" class=\"n2-ss-slide--focus\" tabindex=\"-1\">IMG-20260113-WA0001<\/div><div class=\"n2-ss-layers-container n2-ss-slide-limiter n2-ow\"><div class=\"n2-ss-layer n2-ow n-uc-P4RbAjSJnexk\" data-sstype=\"slide\" data-pm=\"default\"><\/div><\/div><\/div><div data-slide-duration=\"0\" data-id=\"68\" data-slide-public-id=\"3\" aria-hidden=\"true\" data-title=\"Wydzia\u0142 Neofilologii\" class=\"n2-ss-slide n2-ow  n2-ss-slide-68\"><div role=\"note\" class=\"n2-ss-slide--focus\" tabindex=\"-1\">Wydzia\u0142 Neofilologii<\/div><div class=\"n2-ss-layers-container n2-ss-slide-limiter n2-ow\"><div class=\"n2-ss-layer n2-ow n-uc-jR6dNwEuRh5n\" data-sstype=\"slide\" data-pm=\"default\"><\/div><\/div><\/div><div data-slide-duration=\"0\" data-id=\"62\" data-slide-public-id=\"4\" aria-hidden=\"true\" data-title=\"Katedra Judaistyki\" class=\"n2-ss-slide n2-ow  n2-ss-slide-62\"><div role=\"note\" class=\"n2-ss-slide--focus\" tabindex=\"-1\">Katedra Judaistyki<\/div><div class=\"n2-ss-layers-container n2-ss-slide-limiter n2-ow\"><div class=\"n2-ss-layer n2-ow n-uc-PWboQ5lMXAKU\" data-sstype=\"slide\" data-pm=\"default\"><\/div><\/div><\/div><div data-slide-duration=\"0\" data-id=\"41\" data-slide-public-id=\"5\" aria-hidden=\"true\" data-title=\"Instytut Filologii Angielskiej i Katedra Filologii Niderlandzkiej\" class=\"n2-ss-slide n2-ow  n2-ss-slide-41\"><div role=\"note\" class=\"n2-ss-slide--focus\" tabindex=\"-1\">Instytut Filologii Angielskiej i Katedra Filologii Niderlandzkiej<\/div><div class=\"n2-ss-layers-container n2-ss-slide-limiter n2-ow\"><div class=\"n2-ss-layer n2-ow n-uc-dr7T7XCtt6Ab\" data-sstype=\"slide\" data-pm=\"default\"><\/div><\/div><\/div><div data-slide-duration=\"0\" data-id=\"44\" data-slide-public-id=\"6\" aria-hidden=\"true\" data-title=\"Instytut Filologii Roma\u0144skiej\" class=\"n2-ss-slide n2-ow  n2-ss-slide-44\"><div role=\"note\" class=\"n2-ss-slide--focus\" tabindex=\"-1\">Instytut Filologii Roma\u0144skiej<\/div><div class=\"n2-ss-layers-container n2-ss-slide-limiter n2-ow\"><div class=\"n2-ss-layer n2-ow n-uc-pKJaFfsseF91\" data-sstype=\"slide\" data-pm=\"default\"><\/div><\/div><\/div><div data-slide-duration=\"0\" data-id=\"50\" data-slide-public-id=\"7\" aria-hidden=\"true\" data-title=\"Instytut Filologii S\u0142owia\u0144skiej\" class=\"n2-ss-slide n2-ow  n2-ss-slide-50\"><div role=\"note\" class=\"n2-ss-slide--focus\" tabindex=\"-1\">Instytut Filologii S\u0142owia\u0144skiej<\/div><div class=\"n2-ss-layers-container n2-ss-slide-limiter n2-ow\"><div class=\"n2-ss-layer n2-ow n-uc-KFevFljt7RsH\" data-sstype=\"slide\" data-pm=\"default\"><\/div><\/div><\/div>                    <\/div>\n\n                                    <\/div>\n            <\/div>\n        <\/div>\n        <div class=\"n2-ss-slider-controls n2-ss-slider-controls-absolute-left-center\"><div style=\"--widget-offset:15px;\" class=\"n2-ss-widget nextend-arrow n2-ow-all nextend-arrow-previous  nextend-arrow-animated-fade\" data-hide-mobileportrait=\"1\" id=\"n2-ss-7-arrow-previous\" role=\"button\" aria-label=\"previous arrow\" tabindex=\"0\"><img loading=\"lazy\" decoding=\"async\" width=\"32\" height=\"32\" class=\"skip-lazy\" data-skip-lazy=\"1\" src=\"data:image\/svg+xml;base64,PHN2ZyB3aWR0aD0iMzIiIGhlaWdodD0iMzIiIHZpZXdCb3g9IjAgMCAzMiAzMiIgeG1sbnM9Imh0dHA6Ly93d3cudzMub3JnLzIwMDAvc3ZnIj4KICAgIDxwYXRoIGQ9Ik0xMS40MzMgMTUuOTkyTDIyLjY5IDUuNzEyYy4zOTMtLjM5LjM5My0xLjAzIDAtMS40Mi0uMzkzLS4zOS0xLjAzLS4zOS0xLjQyMyAwbC0xMS45OCAxMC45NGMtLjIxLjIxLS4zLjQ5LS4yODUuNzYtLjAxNS4yOC4wNzUuNTYuMjg0Ljc3bDExLjk4IDEwLjk0Yy4zOTMuMzkgMS4wMy4zOSAxLjQyNCAwIC4zOTMtLjQuMzkzLTEuMDMgMC0xLjQybC0xMS4yNTctMTAuMjkiCiAgICAgICAgICBmaWxsPSIjZmZmZmZmIiBvcGFjaXR5PSIwLjgiIGZpbGwtcnVsZT0iZXZlbm9kZCIvPgo8L3N2Zz4=\" alt=\"previous arrow\"><\/div><\/div><div class=\"n2-ss-slider-controls n2-ss-slider-controls-absolute-right-center\"><div style=\"--widget-offset:15px;\" class=\"n2-ss-widget nextend-arrow n2-ow-all nextend-arrow-next  nextend-arrow-animated-fade\" data-hide-mobileportrait=\"1\" id=\"n2-ss-7-arrow-next\" role=\"button\" aria-label=\"next arrow\" tabindex=\"0\"><img loading=\"lazy\" decoding=\"async\" width=\"32\" height=\"32\" class=\"skip-lazy\" data-skip-lazy=\"1\" src=\"data:image\/svg+xml;base64,PHN2ZyB3aWR0aD0iMzIiIGhlaWdodD0iMzIiIHZpZXdCb3g9IjAgMCAzMiAzMiIgeG1sbnM9Imh0dHA6Ly93d3cudzMub3JnLzIwMDAvc3ZnIj4KICAgIDxwYXRoIGQ9Ik0xMC43MjIgNC4yOTNjLS4zOTQtLjM5LTEuMDMyLS4zOS0xLjQyNyAwLS4zOTMuMzktLjM5MyAxLjAzIDAgMS40MmwxMS4yODMgMTAuMjgtMTEuMjgzIDEwLjI5Yy0uMzkzLjM5LS4zOTMgMS4wMiAwIDEuNDIuMzk1LjM5IDEuMDMzLjM5IDEuNDI3IDBsMTIuMDA3LTEwLjk0Yy4yMS0uMjEuMy0uNDkuMjg0LS43Ny4wMTQtLjI3LS4wNzYtLjU1LS4yODYtLjc2TDEwLjcyIDQuMjkzeiIKICAgICAgICAgIGZpbGw9IiNmZmZmZmYiIG9wYWNpdHk9IjAuOCIgZmlsbC1ydWxlPSJldmVub2RkIi8+Cjwvc3ZnPg==\" alt=\"next arrow\"><\/div><\/div><\/div><\/div><ss3-loader><\/ss3-loader><\/div><\/div><div class=\"n2_clear\"><\/div><\/div><\/div>\n\n\n\n<div class=\"wp-block-column bs-baner-second-column is-layout-flow wp-block-column-is-layout-flow\" style=\"flex-basis:40%\">\n<div class=\"wp-block-bonasoft-modular-breadcrumbs-block\"><div class=\"bs_add_breadcrumb_trail\"><\/div><\/div>\n\n\n\n<div style=\"height:100px\" aria-hidden=\"true\" class=\"wp-block-spacer\"><\/div>\n\n\n\n<div class=\"wp-block-columns is-layout-flex wp-block-columns-is-layout-flex\">\n<div class=\"wp-block-column odstep-prawy is-layout-flow wp-block-column-is-layout-flow\">\n<p><strong>The Faculty of Languages, Literatures and Cultures<\/strong> offers 16 bachelor&#8217;s degree courses and 8 master&#8217;s degree courses, with a total of over 2,000 students.<\/p>\n\n\n\n<p>We employ over 200 academic teachers, mainly in linguistics and literary studies.<\/p>\n\n\n\n<p>Our Faculty consists of six units: the <a href=\"http:\/\/ifa.uwr.edu.pl\"><strong>Institute of English Studies<\/strong><\/a>, the <a href=\"http:\/\/ifr.uwr.edu.pl\"><strong>Institute of Romance Studies<\/strong><\/a>, the <a href=\"http:\/\/ifs.uni.wroc.pl\"><strong>Institute of Slavic Studies<\/strong><\/a>, the <strong><a href=\"http:\/\/isksio.uwr.edu.pl\">Institute of Classical, Mediterranean and Oriental Studies<\/a><\/strong>, the <strong><a href=\"http:\/\/kfn.uwr.edu.pl\">Erasmus Chair of Dutch Studies<\/a><\/strong>, and the <strong><a href=\"https:\/\/judaistyka.uni.wroc.pl\/\">Department of Jewish Studies<\/a><\/strong>.&nbsp;<\/p>\n<\/div>\n<\/div>\n<\/div>\n<\/div>\n\n\n\n<p><\/p>\n\n\n\n<hr class=\"wp-block-separator has-text-color has-css-opacity has-background is-style-wide bs-border-na-sztywno\" style=\"background-color:#fcbd30;color:#fcbd30\"\/>\n","protected":false},"excerpt":{"rendered":"<p>The Faculty of Languages, Literatures and Cultures offers 16 bachelor&#8217;s degree courses and 8 master&#8217;s degree courses, with a total of over 2,000 students. We employ over 200 academic teachers, mainly in linguistics and literary studies. Our Faculty consists of six units: the Institute of English Studies, the Institute of Romance Studies, the Institute of [&hellip;]<\/p>\n","protected":false},"author":20,"featured_media":0,"parent":0,"menu_order":0,"comment_status":"closed","ping_status":"closed","template":"","meta":{"_acf_changed":false,"inline_featured_image":false,"site-sidebar-layout":"no-sidebar","site-content-layout":"page-builder","ast-site-content-layout":"full-width-container","site-content-style":"unboxed","site-sidebar-style":"unboxed","ast-global-header-display":"","ast-banner-title-visibility":"","ast-main-header-display":"","ast-hfb-above-header-display":"","ast-hfb-below-header-display":"","ast-hfb-mobile-header-display":"","site-post-title":"disabled","ast-breadcrumbs-content":"","ast-featured-img":"","footer-sml-layout":"","ast-disable-related-posts":"","theme-transparent-header-meta":"default","adv-header-id-meta":"","stick-header-meta":"","header-above-stick-meta":"","header-main-stick-meta":"","header-below-stick-meta":"","astra-migrate-meta-layouts":"set","ast-page-background-enabled":"default","ast-page-background-meta":{"desktop":{"background-color":"","background-image":"","background-repeat":"repeat","background-position":"center center","background-size":"auto","background-attachment":"scroll","background-type":"","background-media":"","overlay-type":"","overlay-color":"","overlay-opacity":"","overlay-gradient":""},"tablet":{"background-color":"","background-image":"","background-repeat":"repeat","background-position":"center center","background-size":"auto","background-attachment":"scroll","background-type":"","background-media":"","overlay-type":"","overlay-color":"","overlay-opacity":"","overlay-gradient":""},"mobile":{"background-color":"","background-image":"","background-repeat":"repeat","background-position":"center center","background-size":"auto","background-attachment":"scroll","background-type":"","background-media":"","overlay-type":"","overlay-color":"","overlay-opacity":"","overlay-gradient":""}},"ast-content-background-meta":{"desktop":{"background-color":"var(--ast-global-color-5)","background-image":"","background-repeat":"repeat","background-position":"center center","background-size":"auto","background-attachment":"scroll","background-type":"","background-media":"","overlay-type":"","overlay-color":"","overlay-opacity":"","overlay-gradient":""},"tablet":{"background-color":"var(--ast-global-color-5)","background-image":"","background-repeat":"repeat","background-position":"center center","background-size":"auto","background-attachment":"scroll","background-type":"","background-media":"","overlay-type":"","overlay-color":"","overlay-opacity":"","overlay-gradient":""},"mobile":{"background-color":"var(--ast-global-color-5)","background-image":"","background-repeat":"repeat","background-position":"center center","background-size":"auto","background-attachment":"scroll","background-type":"","background-media":"","overlay-type":"","overlay-color":"","overlay-opacity":"","overlay-gradient":""}},"footnotes":""},"categories":[],"tags":[],"class_list":["post-28694","page","type-page","status-publish","hentry"],"featured_image_urls_v2":{"full":"","thumbnail":"","medium":"","medium_large":"","large":"","1536x1536":"","2048x2048":"","menu-24x24":"","menu-36x36":"","menu-48x48":""},"post_excerpt_stackable_v2":"<p>IMG-20251030-WA0000IMG-20260113-WA0001Wydzia\u0142 NeofilologiiKatedra JudaistykiInstytut Filologii Angielskiej i Katedra Filologii NiderlandzkiejInstytut Filologii Roma\u0144skiejInstytut Filologii S\u0142owia\u0144skiej The Faculty of Languages, Literatures and Cultures offers 16 bachelor&#8217;s degree courses and 8 master&#8217;s degree courses, with a total of over 2,000 students. We employ over 200 academic teachers, mainly in linguistics and literary studies. Our Faculty consists of six units: the Institute of English Studies, the Institute of Romance Studies, the Institute of Slavic Studies, the Institute of Classical, Mediterranean and Oriental Studies, the Erasmus Chair of Dutch Studies, and the Department of Jewish Studies.&nbsp;<\/p>\n","category_list_v2":"Uncategorized","author_info_v2":{"name":"mmatlinski","url":"https:\/\/neofilologia.uwr.edu.pl\/en\/author\/mmatlinski\/"},"comments_num_v2":"0 comments","acf":[],"yoast_head":"<!-- This site is optimized with the Yoast SEO plugin v27.1.1 - https:\/\/yoast.com\/product\/yoast-seo-wordpress\/ -->\n<title>Main Page - Wydzia\u0142 Neofilologii<\/title>\n<meta name=\"description\" content=\"Oficjalna strona Wydzia\u0142u Neofilologii Uniwersytetu Wroc\u0142awskiego. Zapraszamy!\" \/>\n<meta name=\"robots\" content=\"index, follow, max-snippet:-1, max-image-preview:large, max-video-preview:-1\" \/>\n<link rel=\"canonical\" href=\"https:\/\/neofilologia.uwr.edu.pl\/en\/\" \/>\n<meta property=\"og:locale\" content=\"en_US\" \/>\n<meta property=\"og:type\" content=\"article\" \/>\n<meta property=\"og:title\" content=\"Main Page - Wydzia\u0142 Neofilologii\" \/>\n<meta property=\"og:description\" content=\"Oficjalna strona Wydzia\u0142u Neofilologii Uniwersytetu Wroc\u0142awskiego. Zapraszamy!\" \/>\n<meta property=\"og:url\" content=\"https:\/\/neofilologia.uwr.edu.pl\/en\/\" \/>\n<meta property=\"og:site_name\" content=\"Wydzia\u0142 Neofilologii\" \/>\n<meta property=\"article:modified_time\" content=\"2025-07-07T12:03:53+00:00\" \/>\n<meta name=\"twitter:card\" content=\"summary_large_image\" \/>\n<meta name=\"twitter:label1\" content=\"Est. reading time\" \/>\n\t<meta name=\"twitter:data1\" content=\"1 minute\" \/>\n<script type=\"application\/ld+json\" class=\"yoast-schema-graph\">{\"@context\":\"https:\/\/schema.org\",\"@graph\":[{\"@type\":\"WebPage\",\"@id\":\"https:\/\/neofilologia.uwr.edu.pl\/en\/\",\"url\":\"https:\/\/neofilologia.uwr.edu.pl\/en\/\",\"name\":\"Main Page - Wydzia\u0142 Neofilologii\",\"isPartOf\":{\"@id\":\"https:\/\/neofilologia.uwr.edu.pl\/#website\"},\"datePublished\":\"2021-04-12T10:11:49+00:00\",\"dateModified\":\"2025-07-07T12:03:53+00:00\",\"description\":\"Oficjalna strona Wydzia\u0142u Neofilologii Uniwersytetu Wroc\u0142awskiego. Zapraszamy!\",\"breadcrumb\":{\"@id\":\"https:\/\/neofilologia.uwr.edu.pl\/en\/#breadcrumb\"},\"inLanguage\":\"en-US\",\"potentialAction\":[{\"@type\":\"ReadAction\",\"target\":[\"https:\/\/neofilologia.uwr.edu.pl\/en\/\"]}]},{\"@type\":\"BreadcrumbList\",\"@id\":\"https:\/\/neofilologia.uwr.edu.pl\/en\/#breadcrumb\",\"itemListElement\":[{\"@type\":\"ListItem\",\"position\":1,\"name\":\"Strona g\u0142\u00f3wna\",\"item\":\"https:\/\/neofilologia.uwr.edu.pl\/en\/\"},{\"@type\":\"ListItem\",\"position\":2,\"name\":\"Main Page\"}]},{\"@type\":\"WebSite\",\"@id\":\"https:\/\/neofilologia.uwr.edu.pl\/#website\",\"url\":\"https:\/\/neofilologia.uwr.edu.pl\/\",\"name\":\"Wydzia\u0142 Neofilologii\",\"description\":\"Kolejna witryna sieci \u201eUWR Witryny\u201d\",\"publisher\":{\"@id\":\"https:\/\/neofilologia.uwr.edu.pl\/#organization\"},\"potentialAction\":[{\"@type\":\"SearchAction\",\"target\":{\"@type\":\"EntryPoint\",\"urlTemplate\":\"https:\/\/neofilologia.uwr.edu.pl\/?s={search_term_string}\"},\"query-input\":{\"@type\":\"PropertyValueSpecification\",\"valueRequired\":true,\"valueName\":\"search_term_string\"}}],\"inLanguage\":\"en-US\"},{\"@type\":\"Organization\",\"@id\":\"https:\/\/neofilologia.uwr.edu.pl\/#organization\",\"name\":\"Wydzia\u0142 Neofilologii\",\"url\":\"https:\/\/neofilologia.uwr.edu.pl\/\",\"logo\":{\"@type\":\"ImageObject\",\"inLanguage\":\"en-US\",\"@id\":\"https:\/\/neofilologia.uwr.edu.pl\/#\/schema\/logo\/image\/\",\"url\":\"https:\/\/neofilologia.uwr.edu.pl\/wp-content\/uploads\/sites\/546\/2025\/10\/UWr-logotyp-2025-1.png\",\"contentUrl\":\"https:\/\/neofilologia.uwr.edu.pl\/wp-content\/uploads\/sites\/546\/2025\/10\/UWr-logotyp-2025-1.png\",\"width\":764,\"height\":269,\"caption\":\"Wydzia\u0142 Neofilologii\"},\"image\":{\"@id\":\"https:\/\/neofilologia.uwr.edu.pl\/#\/schema\/logo\/image\/\"}}]}<\/script>\n<!-- \/ Yoast SEO plugin. -->","yoast_head_json":{"title":"Main Page - Wydzia\u0142 Neofilologii","description":"Oficjalna strona Wydzia\u0142u Neofilologii Uniwersytetu Wroc\u0142awskiego. Zapraszamy!","robots":{"index":"index","follow":"follow","max-snippet":"max-snippet:-1","max-image-preview":"max-image-preview:large","max-video-preview":"max-video-preview:-1"},"canonical":"https:\/\/neofilologia.uwr.edu.pl\/en\/","og_locale":"en_US","og_type":"article","og_title":"Main Page - Wydzia\u0142 Neofilologii","og_description":"Oficjalna strona Wydzia\u0142u Neofilologii Uniwersytetu Wroc\u0142awskiego. Zapraszamy!","og_url":"https:\/\/neofilologia.uwr.edu.pl\/en\/","og_site_name":"Wydzia\u0142 Neofilologii","article_modified_time":"2025-07-07T12:03:53+00:00","twitter_card":"summary_large_image","twitter_misc":{"Est. reading time":"1 minute"},"schema":{"@context":"https:\/\/schema.org","@graph":[{"@type":"WebPage","@id":"https:\/\/neofilologia.uwr.edu.pl\/en\/","url":"https:\/\/neofilologia.uwr.edu.pl\/en\/","name":"Main Page - Wydzia\u0142 Neofilologii","isPartOf":{"@id":"https:\/\/neofilologia.uwr.edu.pl\/#website"},"datePublished":"2021-04-12T10:11:49+00:00","dateModified":"2025-07-07T12:03:53+00:00","description":"Oficjalna strona Wydzia\u0142u Neofilologii Uniwersytetu Wroc\u0142awskiego. Zapraszamy!","breadcrumb":{"@id":"https:\/\/neofilologia.uwr.edu.pl\/en\/#breadcrumb"},"inLanguage":"en-US","potentialAction":[{"@type":"ReadAction","target":["https:\/\/neofilologia.uwr.edu.pl\/en\/"]}]},{"@type":"BreadcrumbList","@id":"https:\/\/neofilologia.uwr.edu.pl\/en\/#breadcrumb","itemListElement":[{"@type":"ListItem","position":1,"name":"Strona g\u0142\u00f3wna","item":"https:\/\/neofilologia.uwr.edu.pl\/en\/"},{"@type":"ListItem","position":2,"name":"Main Page"}]},{"@type":"WebSite","@id":"https:\/\/neofilologia.uwr.edu.pl\/#website","url":"https:\/\/neofilologia.uwr.edu.pl\/","name":"Wydzia\u0142 Neofilologii","description":"Kolejna witryna sieci \u201eUWR Witryny\u201d","publisher":{"@id":"https:\/\/neofilologia.uwr.edu.pl\/#organization"},"potentialAction":[{"@type":"SearchAction","target":{"@type":"EntryPoint","urlTemplate":"https:\/\/neofilologia.uwr.edu.pl\/?s={search_term_string}"},"query-input":{"@type":"PropertyValueSpecification","valueRequired":true,"valueName":"search_term_string"}}],"inLanguage":"en-US"},{"@type":"Organization","@id":"https:\/\/neofilologia.uwr.edu.pl\/#organization","name":"Wydzia\u0142 Neofilologii","url":"https:\/\/neofilologia.uwr.edu.pl\/","logo":{"@type":"ImageObject","inLanguage":"en-US","@id":"https:\/\/neofilologia.uwr.edu.pl\/#\/schema\/logo\/image\/","url":"https:\/\/neofilologia.uwr.edu.pl\/wp-content\/uploads\/sites\/546\/2025\/10\/UWr-logotyp-2025-1.png","contentUrl":"https:\/\/neofilologia.uwr.edu.pl\/wp-content\/uploads\/sites\/546\/2025\/10\/UWr-logotyp-2025-1.png","width":764,"height":269,"caption":"Wydzia\u0142 Neofilologii"},"image":{"@id":"https:\/\/neofilologia.uwr.edu.pl\/#\/schema\/logo\/image\/"}}]}},"publishpress_future_action":{"enabled":false,"date":"2026-05-08 17:11:36","action":"change-status","newStatus":"draft","terms":[],"taxonomy":"category","extraData":[]},"publishpress_future_workflow_manual_trigger":{"enabledWorkflows":[]},"_links":{"self":[{"href":"https:\/\/neofilologia.uwr.edu.pl\/en\/wp-json\/wp\/v2\/pages\/28694\/"}],"collection":[{"href":"https:\/\/neofilologia.uwr.edu.pl\/en\/wp-json\/wp\/v2\/pages\/"}],"about":[{"href":"https:\/\/neofilologia.uwr.edu.pl\/en\/wp-json\/wp\/v2\/types\/page\/"}],"author":[{"embeddable":true,"href":"https:\/\/neofilologia.uwr.edu.pl\/en\/wp-json\/wp\/v2\/users\/20\/"}],"replies":[{"embeddable":true,"href":"https:\/\/neofilologia.uwr.edu.pl\/en\/wp-json\/wp\/v2\/comments\/?post=28694"}],"version-history":[{"count":13,"href":"https:\/\/neofilologia.uwr.edu.pl\/en\/wp-json\/wp\/v2\/pages\/28694\/revisions\/"}],"predecessor-version":[{"id":46375,"href":"https:\/\/neofilologia.uwr.edu.pl\/en\/wp-json\/wp\/v2\/pages\/28694\/revisions\/46375\/"}],"wp:attachment":[{"href":"https:\/\/neofilologia.uwr.edu.pl\/en\/wp-json\/wp\/v2\/media\/?parent=28694"}],"wp:term":[{"taxonomy":"category","embeddable":true,"href":"https:\/\/neofilologia.uwr.edu.pl\/en\/wp-json\/wp\/v2\/categories\/?post=28694"},{"taxonomy":"post_tag","embeddable":true,"href":"https:\/\/neofilologia.uwr.edu.pl\/en\/wp-json\/wp\/v2\/tags\/?post=28694"}],"curies":[{"name":"wp","href":"https:\/\/api.w.org\/{rel}","templated":true}]}}